{"id":778,"date":"2026-04-29T08:21:32","date_gmt":"2026-04-29T11:21:32","guid":{"rendered":"http:\/\/localhost\/viviamidia\/garca\/?page_id=778"},"modified":"2026-04-29T08:31:42","modified_gmt":"2026-04-29T11:31:42","slug":"politica-de-reservas","status":"publish","type":"page","link":"https:\/\/pousadagarcas.com.br\/index.php\/politica-de-reservas\/","title":{"rendered":"Pol\u00edtica de Reservas"},"content":{"rendered":"\t\t<div data-elementor-type=\"wp-page\" data-elementor-id=\"778\" class=\"elementor elementor-778\" data-elementor-post-type=\"page\">\n\t\t\t\t<div class=\"elementor-element elementor-element-5fe248a e-flex e-con-boxed e-con e-parent\" data-id=\"5fe248a\" data-element_type=\"container\" data-e-type=\"container\">\n\t\t\t\t\t<div class=\"e-con-inner\">\n\t\t\t\t<div class=\"elementor-element elementor-element-418430f e-con e-atomic-element e-flexbox-base e-418430f-bb20cb9\" data-id=\"418430f\" data-element_type=\"e-flexbox\" data-e-type=\"e-flexbox\" data-interaction-id=\"418430f\" data-e-type=\"e-flexbox\" data-id=\"418430f\">\n\t\t\t\t<div class=\"elementor-element elementor-element-0884e66 elementor-align-center elementor-widget elementor-widget-button\" data-id=\"0884e66\" data-element_type=\"widget\" data-e-type=\"widget\" data-widget_type=\"button.default\">\n\t\t\t\t\t\t\t\t\t\t<a class=\"elementor-button elementor-button-link elementor-size-sm\" href=\"https:\/\/book.securebookings.net\/roomrate?id=067d55ea-8fea-1669833586-4e66-9937-254fa0b9e8d3&#038;lang=br\" target=\"_blank\">\n\t\t\t\t\t\t<span class=\"elementor-button-content-wrapper\">\n\t\t\t\t\t\t\t\t\t<span class=\"elementor-button-text\">Reservar<\/span>\n\t\t\t\t\t<\/span>\n\t\t\t\t\t<\/a>\n\t\t\t\t\t\t\t\t<\/div>\n\t\t\t\t<\/div>\n\t\t\t\t\t<\/div>\n\t\t\t\t<\/div>\n\t\t<div class=\"elementor-element elementor-element-cfb5224 e-flex e-con-boxed e-con e-parent\" data-id=\"cfb5224\" data-element_type=\"container\" data-e-type=\"container\">\n\t\t\t\t\t<div class=\"e-con-inner\">\n\t\t\t\t<div class=\"elementor-element elementor-element-2785bd0 elementor-widget elementor-widget-text-editor\" data-id=\"2785bd0\" data-element_type=\"widget\" data-e-type=\"widget\" data-widget_type=\"text-editor.default\">\n\t\t\t\t\t\t\t\t\t<p><strong>Pol\u00edticas de Reservas<\/strong><\/p><p><strong>1)\u00a0Crian\u00e7as e menores de idade:<\/strong><br \/>Crian\u00e7as at\u00e9 12\u00a0anos n\u00e3o pagam (At\u00e9 01 por apto, no apartamento dos pais).<\/p><p>A Pousada das Gar\u00e7as n\u00e3o aceita menores de idade desacompanhados dos pais. Os menores nesta situa\u00e7\u00e3o dever\u00e3o portar autoriza\u00e7\u00e3o assinada pelos pais com firma reconhecida em cart\u00f3rio e c\u00f3pia autenticada da sua identidade e da identidade dos pais.\u00a0\u00a0<strong>(Lei 8069\/90)<\/strong><\/p><p><strong>2)\u00a0Animais:<\/strong><br \/>A Pousada das Gar\u00e7as n\u00e3o aceita animais.<\/p><p><strong>3)\u00a0Confirma\u00e7\u00e3o da reserva:<\/strong><br \/>A confirma\u00e7\u00e3o da reserva e\/ou altera\u00e7\u00e3o se dar\u00e1 atrav\u00e9s da confirma\u00e7\u00e3o da mesma por parte da Pousada via e-mail ap\u00f3s o pagamento via cart\u00e3o de cr\u00e9dito ou dep\u00f3sito banc\u00e1rio. Dep\u00f3sitos feitos fora da data limite da pr\u00e9 reserva, ou n\u00e3o comunicados \u00e0 Pousada,\u00a0 ou n\u00e3o autorizados pela Pousada, poder\u00e3o ser recusados.<\/p><p><strong>4)\u00a0Formas de Pagamento:<\/strong><br \/>\u2022 Dep\u00f3sito banc\u00e1rio ou Cart\u00e3o de cr\u00e9dito a vista = 50% no ato da reserva e o restante no check-in do hotel.<br \/>\u2022 Cart\u00e3o de cr\u00e9dito parcelado sem juros = 100% no ato da reserva.<br \/>\u2022 Pacotes especiais de feriado \u2013 Por favor, consulte as condi\u00e7\u00f5es especiais com a Pousada.<br \/>\u2022 Os hor\u00e1rios poder\u00e3o ser flexibilizados caso haja disponibilidade nos aptos.<\/p><p>No caso de pagamento via dep\u00f3sito banc\u00e1rio, o mesmo dever\u00e1 ser efetuado em at\u00e9 24hs e o comprovante enviado via e-mail reservas@pousadagarcas.com.br<br \/>A reserva somente estar\u00e1 confirmada ap\u00f3s o recebimento de confirma\u00e7\u00e3o do dep\u00f3sito por parte do h\u00f3spede.<\/p><p>O saldo das di\u00e1rias referentes a reserva e\/ou altera\u00e7\u00e3o, dever\u00e3o ser pagas na chegada do h\u00f3spede ao hotel e as demais despesas que sejam efetuadas durante a hospedagem em acertos intermedi\u00e1rios ou ao final da hospedagem.<\/p><p><strong>5)\u00a0Hor\u00e1rio das di\u00e1rias<\/strong><br \/>As di\u00e1rias come\u00e7am \u00e0s 14 h e terminam \u00e0s 12 h. Os hor\u00e1rios poder\u00e3o ser flexibilizados de acordo com a disponibilidade dos aptos. A pousada oferece o pr\u00e9 Check in.<\/p><p>O hor\u00e1rio de funcionamento da Recep\u00e7\u00e3o da Pousada \u00e9 de 8 h at\u00e9 20 h de segunda a s\u00e1bado. Recep\u00e7\u00e3o para Check in ap\u00f3s esse hor\u00e1rio pode ser combinado por telefone, e-mail ou WhatsApp previamente. Aos domingos at\u00e9 18 h.<\/p><p>Churrasqueira sob consulta com hor\u00e1rio marcado por apto. e n\u00e3o ser\u00e3o poss\u00edveis festas e comemora\u00e7\u00f5es com mais de 1 apto participante.<\/p><p>No uso da churrasqueira as bebidas dever\u00e3o ser fornecidas pela pousada.<\/p><p>Nos feriados com pacotes e eventos os hor\u00e1rios ser\u00e3o modificados de acordo com as necessidades.<\/p><p><strong><br \/>POL\u00cdTICA DE CANCELAMENTOS E NO SHOW<\/strong><\/p><p>Os pedidos de cancelamentos, dever\u00e3o ser encaminhados por escrito para reservas@pousadagarcas.com.br .<\/p><p><strong>1) Os cancelamentos ser\u00e3o cobrados conforme mostradas no abaixo:<\/strong><\/p><p>a) Baixa\u00a0Temporada<\/p><p>At\u00e9 15 dias de anteced\u00eancia<br \/>Menos de 14 dias de anteced\u00eancia \u2013 50% do total da reserva<\/p><p>b)\u00a0Alta Temporada<br \/>At\u00e9 15 dias de anteced\u00eancia<br \/>Menos de 14 dias de anteced\u00eancia \u2013 50% do total da reserva<\/p><p>c)\u00a0Pacotes Especiais (R\u00e9veillon, Carnaval e Semana Santa e outros)<br \/>Consultar a Pousada em cada data especial para Pacotes Especiais<\/p><p>d) Em caso de sa\u00edda antecipada, em qualquer reserva, seja ela de pacote ou n\u00e3o, ser\u00e1 cobrado o valor total da reserva.<\/p><p><strong>2)\u00a0A Pousada das Gar\u00e7as poder\u00e1 cancelar a reserva unilateralmente nos seguintes casos:<\/strong><\/p><p>a. O cart\u00e3o de cr\u00e9dito informado \u00e9 invalido e\/ou os dados fornecidos n\u00e3o conferem e\/ou o cr\u00e9dito n\u00e3o foi aprovado pela institui\u00e7\u00e3o financeira.<br \/>b. Por motivo de for\u00e7a maior, em at\u00e9 48hs ap\u00f3s a solicita\u00e7\u00e3o da reserva.<br \/>c. Por motivo de for\u00e7a maior que impe\u00e7a ou prejudique a presta\u00e7\u00e3o do servi\u00e7o.<br \/>d. Por motivos t\u00e9cnicos que impe\u00e7am a presta\u00e7\u00e3o do servi\u00e7o obedecendo a reciprocidade das regras de cancelamento acima publicadas no item 1.<\/p><p><strong>3)\u00a0No\u00a0show<\/strong><br \/>No Show \u00e9 considerado quando o h\u00f3spede n\u00e3o chegar na data e hora do check-in e a reserva ser\u00e1 automaticamente considerada cancelada, sem ressarcimento dos valores pagos.<\/p><p><strong>POUSADA N\u00c3O POSSUI GERADOR DE ENERGIA<\/strong><\/p>\t\t\t\t\t\t\t\t<\/div>\n\t\t\t\t\t<\/div>\n\t\t\t\t<\/div>\n\t\t\t\t<\/div>\n\t\t","protected":false},"excerpt":{"rendered":"<p>Reservar Pol\u00edticas de Reservas 1)\u00a0Crian\u00e7as e menores de idade:Crian\u00e7as at\u00e9 12\u00a0anos n\u00e3o pagam (At\u00e9 01 por apto, no apartamento dos pais). A Pousada das Gar\u00e7as n\u00e3o aceita menores de idade desacompanhados dos pais. Os menores nesta situa\u00e7\u00e3o dever\u00e3o portar autoriza\u00e7\u00e3o assinada pelos pais com firma reconhecida em cart\u00f3rio e c\u00f3pia autenticada da sua identidade e [&hellip;]<\/p>\n","protected":false},"author":1,"featured_media":0,"parent":0,"menu_order":0,"comment_status":"closed","ping_status":"closed","template":"elementor_header_footer","meta":{"footnotes":""},"class_list":["post-778","page","type-page","status-publish","hentry"],"yoast_head":"<!-- This site is optimized with the Yoast SEO Premium plugin v27.3 (Yoast SEO v27.3) - https:\/\/yoast.com\/product\/yoast-seo-premium-wordpress\/ -->\n<title>Pol\u00edtica de Reservas - A melhor Pousada em Saquarema | Pousada das Gar\u00e7as<\/title>\n<meta name=\"robots\" content=\"index, follow, max-snippet:-1, max-image-preview:large, max-video-preview:-1\" \/>\n<link rel=\"canonical\" href=\"https:\/\/pousadagarcas.com.br\/index.php\/politica-de-reservas\/\" \/>\n<meta property=\"og:locale\" content=\"pt_BR\" \/>\n<meta property=\"og:type\" content=\"article\" \/>\n<meta property=\"og:title\" content=\"Pol\u00edtica de Reservas\" \/>\n<meta property=\"og:description\" content=\"Reservar Pol\u00edticas de Reservas 1)\u00a0Crian\u00e7as e menores de idade:Crian\u00e7as at\u00e9 12\u00a0anos n\u00e3o pagam (At\u00e9 01 por apto, no apartamento dos pais). A Pousada das Gar\u00e7as n\u00e3o aceita menores de idade desacompanhados dos pais. Os menores nesta situa\u00e7\u00e3o dever\u00e3o portar autoriza\u00e7\u00e3o assinada pelos pais com firma reconhecida em cart\u00f3rio e c\u00f3pia autenticada da sua identidade e [&hellip;]\" \/>\n<meta property=\"og:url\" content=\"https:\/\/pousadagarcas.com.br\/index.php\/politica-de-reservas\/\" \/>\n<meta property=\"og:site_name\" content=\"A melhor Pousada em Saquarema | Pousada das Gar\u00e7as\" \/>\n<meta property=\"article:modified_time\" content=\"2026-04-29T11:31:42+00:00\" \/>\n<meta name=\"twitter:card\" content=\"summary_large_image\" \/>\n<meta name=\"twitter:label1\" content=\"Est. tempo de leitura\" \/>\n\t<meta name=\"twitter:data1\" content=\"4 minutos\" \/>\n<script type=\"application\/ld+json\" class=\"yoast-schema-graph\">{\"@context\":\"https:\\\/\\\/schema.org\",\"@graph\":[{\"@type\":\"WebPage\",\"@id\":\"https:\\\/\\\/pousadagarcas.com.br\\\/index.php\\\/politica-de-reservas\\\/\",\"url\":\"https:\\\/\\\/pousadagarcas.com.br\\\/index.php\\\/politica-de-reservas\\\/\",\"name\":\"Pol\u00edtica de Reservas - A melhor Pousada em Saquarema | Pousada das Gar\u00e7as\",\"isPartOf\":{\"@id\":\"https:\\\/\\\/pousadagarcas.com.br\\\/#website\"},\"datePublished\":\"2026-04-29T11:21:32+00:00\",\"dateModified\":\"2026-04-29T11:31:42+00:00\",\"breadcrumb\":{\"@id\":\"https:\\\/\\\/pousadagarcas.com.br\\\/index.php\\\/politica-de-reservas\\\/#breadcrumb\"},\"inLanguage\":\"pt-BR\",\"potentialAction\":[{\"@type\":\"ReadAction\",\"target\":[\"https:\\\/\\\/pousadagarcas.com.br\\\/index.php\\\/politica-de-reservas\\\/\"]}]},{\"@type\":\"BreadcrumbList\",\"@id\":\"https:\\\/\\\/pousadagarcas.com.br\\\/index.php\\\/politica-de-reservas\\\/#breadcrumb\",\"itemListElement\":[{\"@type\":\"ListItem\",\"position\":1,\"name\":\"In\u00edcio\",\"item\":\"https:\\\/\\\/pousadagarcas.com.br\\\/\"},{\"@type\":\"ListItem\",\"position\":2,\"name\":\"Pol\u00edtica de Reservas\"}]},{\"@type\":\"WebSite\",\"@id\":\"https:\\\/\\\/pousadagarcas.com.br\\\/#website\",\"url\":\"https:\\\/\\\/pousadagarcas.com.br\\\/\",\"name\":\"A melhor Pousada em Saquarema | Pousada das Gar\u00e7as\",\"description\":\"\",\"publisher\":{\"@id\":\"https:\\\/\\\/pousadagarcas.com.br\\\/#organization\"},\"potentialAction\":[{\"@type\":\"SearchAction\",\"target\":{\"@type\":\"EntryPoint\",\"urlTemplate\":\"https:\\\/\\\/pousadagarcas.com.br\\\/?s={search_term_string}\"},\"query-input\":{\"@type\":\"PropertyValueSpecification\",\"valueRequired\":true,\"valueName\":\"search_term_string\"}}],\"inLanguage\":\"pt-BR\"},{\"@type\":\"Organization\",\"@id\":\"https:\\\/\\\/pousadagarcas.com.br\\\/#organization\",\"name\":\"A melhor Pousada em Saquarema | Pousada das Gar\u00e7as\",\"url\":\"https:\\\/\\\/pousadagarcas.com.br\\\/\",\"logo\":{\"@type\":\"ImageObject\",\"inLanguage\":\"pt-BR\",\"@id\":\"https:\\\/\\\/pousadagarcas.com.br\\\/#\\\/schema\\\/logo\\\/image\\\/\",\"url\":\"https:\\\/\\\/pousadagarcas.com.br\\\/wp-content\\\/uploads\\\/2026\\\/04\\\/logo-a2-1.png\",\"contentUrl\":\"https:\\\/\\\/pousadagarcas.com.br\\\/wp-content\\\/uploads\\\/2026\\\/04\\\/logo-a2-1.png\",\"width\":737,\"height\":286,\"caption\":\"A melhor Pousada em Saquarema | Pousada das Gar\u00e7as\"},\"image\":{\"@id\":\"https:\\\/\\\/pousadagarcas.com.br\\\/#\\\/schema\\\/logo\\\/image\\\/\"}}]}<\/script>\n<!-- \/ Yoast SEO Premium plugin. -->","yoast_head_json":{"title":"Pol\u00edtica de Reservas - A melhor Pousada em Saquarema | Pousada das Gar\u00e7as","robots":{"index":"index","follow":"follow","max-snippet":"max-snippet:-1","max-image-preview":"max-image-preview:large","max-video-preview":"max-video-preview:-1"},"canonical":"https:\/\/pousadagarcas.com.br\/index.php\/politica-de-reservas\/","og_locale":"pt_BR","og_type":"article","og_title":"Pol\u00edtica de Reservas","og_description":"Reservar Pol\u00edticas de Reservas 1)\u00a0Crian\u00e7as e menores de idade:Crian\u00e7as at\u00e9 12\u00a0anos n\u00e3o pagam (At\u00e9 01 por apto, no apartamento dos pais). A Pousada das Gar\u00e7as n\u00e3o aceita menores de idade desacompanhados dos pais. Os menores nesta situa\u00e7\u00e3o dever\u00e3o portar autoriza\u00e7\u00e3o assinada pelos pais com firma reconhecida em cart\u00f3rio e c\u00f3pia autenticada da sua identidade e [&hellip;]","og_url":"https:\/\/pousadagarcas.com.br\/index.php\/politica-de-reservas\/","og_site_name":"A melhor Pousada em Saquarema | Pousada das Gar\u00e7as","article_modified_time":"2026-04-29T11:31:42+00:00","twitter_card":"summary_large_image","twitter_misc":{"Est. tempo de leitura":"4 minutos"},"schema":{"@context":"https:\/\/schema.org","@graph":[{"@type":"WebPage","@id":"https:\/\/pousadagarcas.com.br\/index.php\/politica-de-reservas\/","url":"https:\/\/pousadagarcas.com.br\/index.php\/politica-de-reservas\/","name":"Pol\u00edtica de Reservas - A melhor Pousada em Saquarema | Pousada das Gar\u00e7as","isPartOf":{"@id":"https:\/\/pousadagarcas.com.br\/#website"},"datePublished":"2026-04-29T11:21:32+00:00","dateModified":"2026-04-29T11:31:42+00:00","breadcrumb":{"@id":"https:\/\/pousadagarcas.com.br\/index.php\/politica-de-reservas\/#breadcrumb"},"inLanguage":"pt-BR","potentialAction":[{"@type":"ReadAction","target":["https:\/\/pousadagarcas.com.br\/index.php\/politica-de-reservas\/"]}]},{"@type":"BreadcrumbList","@id":"https:\/\/pousadagarcas.com.br\/index.php\/politica-de-reservas\/#breadcrumb","itemListElement":[{"@type":"ListItem","position":1,"name":"In\u00edcio","item":"https:\/\/pousadagarcas.com.br\/"},{"@type":"ListItem","position":2,"name":"Pol\u00edtica de Reservas"}]},{"@type":"WebSite","@id":"https:\/\/pousadagarcas.com.br\/#website","url":"https:\/\/pousadagarcas.com.br\/","name":"A melhor Pousada em Saquarema | Pousada das Gar\u00e7as","description":"","publisher":{"@id":"https:\/\/pousadagarcas.com.br\/#organization"},"potentialAction":[{"@type":"SearchAction","target":{"@type":"EntryPoint","urlTemplate":"https:\/\/pousadagarcas.com.br\/?s={search_term_string}"},"query-input":{"@type":"PropertyValueSpecification","valueRequired":true,"valueName":"search_term_string"}}],"inLanguage":"pt-BR"},{"@type":"Organization","@id":"https:\/\/pousadagarcas.com.br\/#organization","name":"A melhor Pousada em Saquarema | Pousada das Gar\u00e7as","url":"https:\/\/pousadagarcas.com.br\/","logo":{"@type":"ImageObject","inLanguage":"pt-BR","@id":"https:\/\/pousadagarcas.com.br\/#\/schema\/logo\/image\/","url":"https:\/\/pousadagarcas.com.br\/wp-content\/uploads\/2026\/04\/logo-a2-1.png","contentUrl":"https:\/\/pousadagarcas.com.br\/wp-content\/uploads\/2026\/04\/logo-a2-1.png","width":737,"height":286,"caption":"A melhor Pousada em Saquarema | Pousada das Gar\u00e7as"},"image":{"@id":"https:\/\/pousadagarcas.com.br\/#\/schema\/logo\/image\/"}}]}},"_links":{"self":[{"href":"https:\/\/pousadagarcas.com.br\/index.php\/wp-json\/wp\/v2\/pages\/778","targetHints":{"allow":["GET"]}}],"collection":[{"href":"https:\/\/pousadagarcas.com.br\/index.php\/wp-json\/wp\/v2\/pages"}],"about":[{"href":"https:\/\/pousadagarcas.com.br\/index.php\/wp-json\/wp\/v2\/types\/page"}],"author":[{"embeddable":true,"href":"https:\/\/pousadagarcas.com.br\/index.php\/wp-json\/wp\/v2\/users\/1"}],"replies":[{"embeddable":true,"href":"https:\/\/pousadagarcas.com.br\/index.php\/wp-json\/wp\/v2\/comments?post=778"}],"version-history":[{"count":0,"href":"https:\/\/pousadagarcas.com.br\/index.php\/wp-json\/wp\/v2\/pages\/778\/revisions"}],"wp:attachment":[{"href":"https:\/\/pousadagarcas.com.br\/index.php\/wp-json\/wp\/v2\/media?parent=778"}],"curies":[{"name":"wp","href":"https:\/\/api.w.org\/{rel}","templated":true}]}}